{"id":2779,"date":"2016-11-09T22:50:43","date_gmt":"2016-11-09T21:50:43","guid":{"rendered":"https:\/\/evalootz.net\/home\/"},"modified":"2021-10-01T09:47:47","modified_gmt":"2021-10-01T09:47:47","slug":"home","status":"publish","type":"page","link":"https:\/\/evalootz.net\/en\/","title":{"rendered":"Home"},"content":{"rendered":"\t\t<div data-elementor-type=\"wp-page\" data-elementor-id=\"2779\" class=\"elementor elementor-2779 elementor-242\" data-elementor-post-type=\"page\">\n\t\t\t\t\t\t<section class=\"elementor-section elementor-top-section elementor-element elementor-element-f746855 elementor-section-boxed elementor-section-height-default elementor-section-height-default\" data-id=\"f746855\" data-element_type=\"section\" data-e-type=\"section\">\n\t\t\t\t\t\t<div class=\"elementor-container elementor-column-gap-default\">\n\t\t\t\t\t<div class=\"elementor-column elementor-col-100 elementor-top-column elementor-element elementor-element-1338dda\" data-id=\"1338dda\" data-element_type=\"column\" data-e-type=\"column\">\n\t\t\t<div class=\"elementor-widget-wrap elementor-element-populated\">\n\t\t\t\t\t\t<div class=\"elementor-element elementor-element-55c17c9 elementor--h-position-center elementor--v-position-middle elementor-pagination-position-inside elementor-widget elementor-widget-slides\" data-id=\"55c17c9\" data-element_type=\"widget\" data-e-type=\"widget\" data-settings=\"{&quot;navigation&quot;:&quot;dots&quot;,&quot;autoplay&quot;:&quot;yes&quot;,&quot;pause_on_hover&quot;:&quot;yes&quot;,&quot;pause_on_interaction&quot;:&quot;yes&quot;,&quot;autoplay_speed&quot;:5000,&quot;infinite&quot;:&quot;yes&quot;,&quot;transition&quot;:&quot;slide&quot;,&quot;transition_speed&quot;:500}\" data-widget_type=\"slides.default\">\n\t\t\t\t<div class=\"elementor-widget-container\">\n\t\t\t\t\t\t\t\t\t<div class=\"elementor-swiper\">\n\t\t\t\t\t<div class=\"elementor-slides-wrapper elementor-main-swiper swiper\" role=\"region\" aria-roledescription=\"carousel\" aria-label=\"Slides\" dir=\"ltr\" data-animation=\"fadeInLeft\">\n\t\t\t\t<div class=\"swiper-wrapper elementor-slides\">\n\t\t\t\t\t\t\t\t\t\t<div class=\"elementor-repeater-item-d75214e swiper-slide\" role=\"group\" aria-roledescription=\"slide\"><div class=\"swiper-slide-bg\" role=\"img\" aria-label=\"eva_lootz27\"><\/div><div class=\"swiper-slide-inner\" ><div class=\"swiper-slide-contents\"><\/div><\/div><\/div><div class=\"elementor-repeater-item-34f0a9f swiper-slide\" role=\"group\" aria-roledescription=\"slide\"><div class=\"swiper-slide-bg\" role=\"img\" aria-label=\"Plano gral Capilla\"><\/div><div class=\"swiper-slide-inner\" ><div class=\"swiper-slide-contents\"><\/div><\/div><\/div><div class=\"elementor-repeater-item-5a32c07 swiper-slide\" role=\"group\" aria-roledescription=\"slide\"><div class=\"swiper-slide-bg\" role=\"img\" aria-label=\"THE UNDERSIDE OF MONUMENTS\"><\/div><div class=\"swiper-slide-inner\" ><div class=\"swiper-slide-contents\"><\/div><\/div><\/div>\t\t\t\t<\/div>\n\t\t\t\t\t\t\t\t\t\t\t\t\t\t\t\t\t\t\t\t<div class=\"swiper-pagination\"><\/div>\n\t\t\t\t\t\t\t\t\t\t\t\t<\/div>\n\t\t\t\t<\/div>\n\t\t\t\t\t\t\t\t<\/div>\n\t\t\t\t<\/div>\n\t\t\t\t\t<\/div>\n\t\t<\/div>\n\t\t\t\t\t<\/div>\n\t\t<\/section>\n\t\t\t\t<section class=\"elementor-section elementor-top-section elementor-element elementor-element-2703558 elementor-section-full_width elementor-section-height-default elementor-section-height-default\" data-id=\"2703558\" data-element_type=\"section\" data-e-type=\"section\">\n\t\t\t\t\t\t<div class=\"elementor-container elementor-column-gap-no\">\n\t\t\t\t\t<div class=\"elementor-column elementor-col-100 elementor-top-column elementor-element elementor-element-36463f0\" data-id=\"36463f0\" data-element_type=\"column\" data-e-type=\"column\">\n\t\t\t<div class=\"elementor-widget-wrap elementor-element-populated\">\n\t\t\t\t\t\t<div class=\"elementor-element elementor-element-dbff33b elementor-widget elementor-widget-heading\" data-id=\"dbff33b\" data-element_type=\"widget\" data-e-type=\"widget\" data-widget_type=\"heading.default\">\n\t\t\t\t<div class=\"elementor-widget-container\">\n\t\t\t\t\t<h2 class=\"elementor-heading-title elementor-size-default\">NEWS<\/h2>\t\t\t\t<\/div>\n\t\t\t\t<\/div>\n\t\t\t\t\t<\/div>\n\t\t<\/div>\n\t\t\t\t\t<\/div>\n\t\t<\/section>\n\t\t\t\t<section class=\"elementor-section elementor-top-section elementor-element elementor-element-12e9770 elementor-section-boxed elementor-section-height-default elementor-section-height-default\" data-id=\"12e9770\" data-element_type=\"section\" data-e-type=\"section\" id=\"noticias\">\n\t\t\t\t\t\t<div class=\"elementor-container elementor-column-gap-default\">\n\t\t\t\t\t<div class=\"elementor-column elementor-col-100 elementor-top-column elementor-element elementor-element-a7a6ecb\" data-id=\"a7a6ecb\" data-element_type=\"column\" data-e-type=\"column\">\n\t\t\t<div class=\"elementor-widget-wrap elementor-element-populated\">\n\t\t\t\t\t\t<section class=\"elementor-section elementor-inner-section elementor-element elementor-element-2w6pf3c elementor-section-full_width elementor-section-height-default elementor-section-height-default\" data-id=\"2w6pf3c\" data-element_type=\"section\" data-e-type=\"section\">\n\t\t\t\t\t\t<div class=\"elementor-container elementor-column-gap-custom\">\n\t\t\t\t\t<div class=\"elementor-column elementor-col-25 elementor-inner-column elementor-element elementor-element-58e33ae\" data-id=\"58e33ae\" data-element_type=\"column\" data-e-type=\"column\">\n\t\t\t<div class=\"elementor-widget-wrap elementor-element-populated\">\n\t\t\t\t\t\t<div class=\"elementor-element elementor-element-c60fa00 elementor-widget elementor-widget-heading\" data-id=\"c60fa00\" data-element_type=\"widget\" data-e-type=\"widget\" data-widget_type=\"heading.default\">\n\t\t\t\t<div class=\"elementor-widget-container\">\n\t\t\t\t\t<h2 class=\"elementor-heading-title elementor-size-default\">Enclave Festival 2021, Poetics Bifrontes \/ Transatl\u00e1nticas\n<\/h2>\t\t\t\t<\/div>\n\t\t\t\t<\/div>\n\t\t\t\t<div class=\"elementor-element elementor-element-42e643e elementor-widget elementor-widget-text-editor\" data-id=\"42e643e\" data-element_type=\"widget\" data-e-type=\"widget\" data-widget_type=\"text-editor.default\">\n\t\t\t\t<div class=\"elementor-widget-container\">\n\t\t\t\t\t\t\t\t\t<p>Conference 1 of October at 19:15h<\/p>\n\t\t\t\t\t\t\t\t<\/div>\n\t\t\t\t<\/div>\n\t\t\t\t<div class=\"elementor-element elementor-element-83b9ea3 elementor-widget elementor-widget-text-editor\" data-id=\"83b9ea3\" data-element_type=\"widget\" data-e-type=\"widget\" data-widget_type=\"text-editor.default\">\n\t\t\t\t<div class=\"elementor-widget-container\">\n\t\t\t\t\t\t\t\t\t<div><span dir=\"auto\">III CURSO DE CULTURA CONTEMPOR\u00c1NEA<br \/><\/span><\/div>\n<div><span dir=\"auto\"><i>The days of forms and music<\/i><\/span><\/div>\n<div>\n<div id=\"m_-3274260161949023042appendonsend\"> <\/div>\n<div>Events Hall of the Museum of Navarra<\/div>\n<div>C. de Santo Domingo, 47, 31001 Pamplona<\/div>\n<\/div>\n\t\t\t\t\t\t\t\t<\/div>\n\t\t\t\t<\/div>\n\t\t\t\t\t<\/div>\n\t\t<\/div>\n\t\t\t\t<div class=\"elementor-column elementor-col-25 elementor-inner-column elementor-element elementor-element-9ea0e55\" data-id=\"9ea0e55\" data-element_type=\"column\" data-e-type=\"column\">\n\t\t\t<div class=\"elementor-widget-wrap elementor-element-populated\">\n\t\t\t\t\t\t<div class=\"elementor-element elementor-element-ff28357 elementor-widget elementor-widget-image\" data-id=\"ff28357\" data-element_type=\"widget\" data-e-type=\"widget\" data-widget_type=\"image.default\">\n\t\t\t\t<div class=\"elementor-widget-container\">\n\t\t\t\t\t\t\t\t\t\t\t\t\t\t\t<img decoding=\"async\" src=\"https:\/\/evalootz.net\/wp-content\/uploads\/elementor\/thumbs\/Invitacioin-4-1-p8bdde30a8twg43i87obqnhubi46tq4i9be7tt5yps.jpg\" title=\"Hair on the tongue\" alt=\"Hair on the tongue\" loading=\"lazy\" \/>\t\t\t\t\t\t\t\t\t\t\t\t\t\t\t<\/div>\n\t\t\t\t<\/div>\n\t\t\t\t<div class=\"elementor-element elementor-element-f82c8b3 elementor-widget elementor-widget-heading\" data-id=\"f82c8b3\" data-element_type=\"widget\" data-e-type=\"widget\" data-widget_type=\"heading.default\">\n\t\t\t\t<div class=\"elementor-widget-container\">\n\t\t\t\t\t<h2 class=\"elementor-heading-title elementor-size-default\">Hair on the tongue<\/h2>\t\t\t\t<\/div>\n\t\t\t\t<\/div>\n\t\t\t\t<div class=\"elementor-element elementor-element-c8dda39 elementor-widget elementor-widget-text-editor\" data-id=\"c8dda39\" data-element_type=\"widget\" data-e-type=\"widget\" data-widget_type=\"text-editor.default\">\n\t\t\t\t<div class=\"elementor-widget-container\">\n\t\t\t\t\t\t\t\t\t<p>From June 24 to July 26 2021.<\/p>\n\t\t\t\t\t\t\t\t<\/div>\n\t\t\t\t<\/div>\n\t\t\t\t<div class=\"elementor-element elementor-element-76f3888 elementor-widget elementor-widget-text-editor\" data-id=\"76f3888\" data-element_type=\"widget\" data-e-type=\"widget\" data-widget_type=\"text-editor.default\">\n\t\t\t\t<div class=\"elementor-widget-container\">\n\t\t\t\t\t\t\t\t\t<p>TRINTA arte contempor\u00e1nea<br \/>Virxe da Cerca, 24<br \/>15703 Santiago de Compostela<br \/>Espa\u00f1a \/ Spain<br \/>Tel.\/Fax.: +34 981 584 623<br \/>trinta@trinta.net<\/p><\/p>\n\t\t\t\t\t\t\t\t<\/div>\n\t\t\t\t<\/div>\n\t\t\t\t\t<\/div>\n\t\t<\/div>\n\t\t\t\t<div class=\"elementor-column elementor-col-25 elementor-inner-column elementor-element elementor-element-37fba8a\" data-id=\"37fba8a\" data-element_type=\"column\" data-e-type=\"column\">\n\t\t\t<div class=\"elementor-widget-wrap elementor-element-populated\">\n\t\t\t\t\t\t<div class=\"elementor-element elementor-element-4039c95 elementor-widget elementor-widget-image\" data-id=\"4039c95\" data-element_type=\"widget\" data-e-type=\"widget\" data-widget_type=\"image.default\">\n\t\t\t\t<div class=\"elementor-widget-container\">\n\t\t\t\t\t\t\t\t\t\t\t\t\t\t\t<img decoding=\"async\" src=\"https:\/\/evalootz.net\/wp-content\/uploads\/elementor\/thumbs\/IMG_20210422_135544-e1619620929695-p6dwouxc8wcxzteqsy9ga2unvkebbi9z0807fl912w.jpg\" title=\"Tejer una manta de nieve\" alt=\"Tejer una manta de nieve\" loading=\"lazy\" \/>\t\t\t\t\t\t\t\t\t\t\t\t\t\t\t<\/div>\n\t\t\t\t<\/div>\n\t\t\t\t<div class=\"elementor-element elementor-element-f0ef210 elementor-widget elementor-widget-heading\" data-id=\"f0ef210\" data-element_type=\"widget\" data-e-type=\"widget\" data-widget_type=\"heading.default\">\n\t\t\t\t<div class=\"elementor-widget-container\">\n\t\t\t\t\t<h2 class=\"elementor-heading-title elementor-size-default\">Tejer una manta de nieve<\/h2>\t\t\t\t<\/div>\n\t\t\t\t<\/div>\n\t\t\t\t<div class=\"elementor-element elementor-element-d3272cc elementor-widget elementor-widget-text-editor\" data-id=\"d3272cc\" data-element_type=\"widget\" data-e-type=\"widget\" data-widget_type=\"text-editor.default\">\n\t\t\t\t<div class=\"elementor-widget-container\">\n\t\t\t\t\t\t\t\t\t<p>Taller junto a Eva Lootz<\/p>\n<p>Del 5 al 8 de julio, 2021 \/ MNCARS Museo Nacional Centro de Arte Reina Sof\u00eda. Edificio Sabatini, jard\u00edn<\/p>\n<p>Hacer figuras de cuerdas junto a la artista Eva Lootz es el punto de partida de esas tardes de verano con momentos de visionado, escucha, conversaciones y pausas. Hilos, nudos, entrelazados que ponen en relaci\u00f3n cuerpo, memoria y lenguaje. El taller con Eva Lootz es la cuarta edici\u00f3n del programa <i>Las formas del hacer, el hacer de las formas<\/i> en torno a metodolog\u00edas o t\u00e9cnicas de la pr\u00e1ctica art\u00edstica.<\/p>\n<p>Programa: Las formas del hacer, el hacer de las formas. <\/p>\n\t\t\t\t\t\t\t\t<\/div>\n\t\t\t\t<\/div>\n\t\t\t\t\t<\/div>\n\t\t<\/div>\n\t\t\t\t<div class=\"elementor-column elementor-col-25 elementor-inner-column elementor-element elementor-element-396a736\" data-id=\"396a736\" data-element_type=\"column\" data-e-type=\"column\">\n\t\t\t<div class=\"elementor-widget-wrap elementor-element-populated\">\n\t\t\t\t\t\t<div class=\"elementor-element elementor-element-a21de3f elementor-widget elementor-widget-image\" data-id=\"a21de3f\" data-element_type=\"widget\" data-e-type=\"widget\" data-widget_type=\"image.default\">\n\t\t\t\t<div class=\"elementor-widget-container\">\n\t\t\t\t\t\t\t\t\t\t\t\t\t\t\t\t<a href=\"http:\/\/evalootz.net\/wp-content\/uploads\/2021\/02\/ENCLAVE-2021-FINAL-AUTORES-con-semblanzas.pdf\" target=\"_blank\">\n\t\t\t\t\t\t\t<img decoding=\"async\" src=\"https:\/\/evalootz.net\/wp-content\/uploads\/elementor\/thumbs\/ENCLAVE-Viernes_26-e1619615559980-p6dssnc0skf65t2njcevcgldwfh94vndq8qsbp5588.jpg\" title=\"Poetics Bifrontes \/ Transatl\u00e1nticas\" alt=\"ENCLAVE 2021, Poetics Bifrontes \/ Transatl\u00e1nticas\" loading=\"lazy\" \/>\t\t\t\t\t\t\t\t<\/a>\n\t\t\t\t\t\t\t\t\t\t\t\t\t\t\t<\/div>\n\t\t\t\t<\/div>\n\t\t\t\t<div class=\"elementor-element elementor-element-d3d0d89 elementor-widget elementor-widget-heading\" data-id=\"d3d0d89\" data-element_type=\"widget\" data-e-type=\"widget\" data-widget_type=\"heading.default\">\n\t\t\t\t<div class=\"elementor-widget-container\">\n\t\t\t\t\t<h2 class=\"elementor-heading-title elementor-size-default\">Enclave Festival 2021, Poetics Bifrontes \/ Transatl\u00e1nticas<\/h2>\t\t\t\t<\/div>\n\t\t\t\t<\/div>\n\t\t\t\t<div class=\"elementor-element elementor-element-10619ac elementor-widget elementor-widget-text-editor\" data-id=\"10619ac\" data-element_type=\"widget\" data-e-type=\"widget\" data-widget_type=\"text-editor.default\">\n\t\t\t\t<div class=\"elementor-widget-container\">\n\t\t\t\t\t\t\t\t\t<p>From February 25 to 27.<\/p>\n\t\t\t\t\t\t\t\t<\/div>\n\t\t\t\t<\/div>\n\t\t\t\t\t<\/div>\n\t\t<\/div>\n\t\t\t\t\t<\/div>\n\t\t<\/section>\n\t\t\t\t\t<\/div>\n\t\t<\/div>\n\t\t\t\t\t<\/div>\n\t\t<\/section>\n\t\t\t\t<section class=\"elementor-section elementor-top-section elementor-element elementor-element-3863364 elementor-section-boxed elementor-section-height-default elementor-section-height-default\" data-id=\"3863364\" data-element_type=\"section\" data-e-type=\"section\">\n\t\t\t\t\t\t<div class=\"elementor-container elementor-column-gap-default\">\n\t\t\t\t\t<div class=\"elementor-column elementor-col-100 elementor-top-column elementor-element elementor-element-81fe446\" data-id=\"81fe446\" data-element_type=\"column\" data-e-type=\"column\">\n\t\t\t<div class=\"elementor-widget-wrap elementor-element-populated\">\n\t\t\t\t\t\t<div class=\"elementor-element elementor-element-9f4b4ff elementor-widget elementor-widget-html\" data-id=\"9f4b4ff\" data-element_type=\"widget\" data-e-type=\"widget\" data-widget_type=\"html.default\">\n\t\t\t\t<div class=\"elementor-widget-container\">\n\t\t\t\t\t<script type=\"text\/javascript\">jQuery(document).ready(function() {\n$j('[title]').removeAttr('title');\n});\n<\/script>\t\t\t\t<\/div>\n\t\t\t\t<\/div>\n\t\t\t\t\t<\/div>\n\t\t<\/div>\n\t\t\t\t\t<\/div>\n\t\t<\/section>\n\t\t\t\t<\/div>\n\t\t","protected":false},"excerpt":{"rendered":"<p>NEWS Enclave Festival 2021, Poetics Bifrontes \/ Transatl\u00e1nticas Conference 1 of October at 19:15h III CURSO DE CULTURA CONTEMPOR\u00c1NEA The days of forms and music Events Hall of the Museum of Navarra C. de Santo Domingo, 47, 31001 Pamplona Hair on the tongue From June 24 to July 26 2021. TRINTA arte contempor\u00e1neaVirxe da Cerca, [&hellip;]<\/p>\n","protected":false},"author":1,"featured_media":2767,"parent":0,"menu_order":0,"comment_status":"closed","ping_status":"closed","template":"","meta":{"ocean_post_layout":"","ocean_both_sidebars_style":"","ocean_both_sidebars_content_width":0,"ocean_both_sidebars_sidebars_width":0,"ocean_sidebar":"0","ocean_second_sidebar":"0","ocean_disable_margins":"enable","ocean_add_body_class":"","ocean_shortcode_before_top_bar":"","ocean_shortcode_after_top_bar":"","ocean_shortcode_before_header":"","ocean_shortcode_after_header":"","ocean_has_shortcode":"","ocean_shortcode_after_title":"","ocean_shortcode_before_footer_widgets":"","ocean_shortcode_after_footer_widgets":"","ocean_shortcode_before_footer_bottom":"","ocean_shortcode_after_footer_bottom":"","ocean_display_top_bar":"default","ocean_display_header":"default","ocean_header_style":"","ocean_center_header_left_menu":"0","ocean_custom_header_template":"0","ocean_custom_logo":0,"ocean_custom_retina_logo":0,"ocean_custom_logo_max_width":0,"ocean_custom_logo_tablet_max_width":0,"ocean_custom_logo_mobile_max_width":0,"ocean_custom_logo_max_height":0,"ocean_custom_logo_tablet_max_height":0,"ocean_custom_logo_mobile_max_height":0,"ocean_header_custom_menu":"0","ocean_menu_typo_font_family":"0","ocean_menu_typo_font_subset":"","ocean_menu_typo_font_size":0,"ocean_menu_typo_font_size_tablet":0,"ocean_menu_typo_font_size_mobile":0,"ocean_menu_typo_font_size_unit":"px","ocean_menu_typo_font_weight":"","ocean_menu_typo_font_weight_tablet":"","ocean_menu_typo_font_weight_mobile":"","ocean_menu_typo_transform":"","ocean_menu_typo_transform_tablet":"","ocean_menu_typo_transform_mobile":"","ocean_menu_typo_line_height":0,"ocean_menu_typo_line_height_tablet":0,"ocean_menu_typo_line_height_mobile":0,"ocean_menu_typo_line_height_unit":"","ocean_menu_typo_spacing":0,"ocean_menu_typo_spacing_tablet":0,"ocean_menu_typo_spacing_mobile":0,"ocean_menu_typo_spacing_unit":"","ocean_menu_link_color":"","ocean_menu_link_color_hover":"","ocean_menu_link_color_active":"","ocean_menu_link_background":"","ocean_menu_link_hover_background":"","ocean_menu_link_active_background":"","ocean_menu_social_links_bg":"","ocean_menu_social_hover_links_bg":"","ocean_menu_social_links_color":"","ocean_menu_social_hover_links_color":"","ocean_disable_title":"on","ocean_disable_heading":"default","ocean_post_title":"","ocean_post_subheading":"","ocean_post_title_style":"","ocean_post_title_background_color":"","ocean_post_title_background":0,"ocean_post_title_bg_image_position":"","ocean_post_title_bg_image_attachment":"","ocean_post_title_bg_image_repeat":"","ocean_post_title_bg_image_size":"","ocean_post_title_height":0,"ocean_post_title_bg_overlay":0.5,"ocean_post_title_bg_overlay_color":"","ocean_disable_breadcrumbs":"default","ocean_breadcrumbs_color":"","ocean_breadcrumbs_separator_color":"","ocean_breadcrumbs_links_color":"","ocean_breadcrumbs_links_hover_color":"","ocean_display_footer_widgets":"default","ocean_display_footer_bottom":"default","ocean_custom_footer_template":"0","footnotes":""},"class_list":["post-2779","page","type-page","status-publish","has-post-thumbnail","hentry","entry","has-media"],"yoast_head":"<!-- This site is optimized with the Yoast SEO plugin v27.4 - https:\/\/yoast.com\/product\/yoast-seo-wordpress\/ -->\n<title>Home - EvaLootz<\/title>\n<meta name=\"robots\" content=\"index, follow, max-snippet:-1, max-image-preview:large, max-video-preview:-1\" \/>\n<link rel=\"canonical\" href=\"https:\/\/evalootz.net\/\" \/>\n<meta property=\"og:locale\" content=\"en_US\" \/>\n<meta property=\"og:type\" content=\"article\" \/>\n<meta property=\"og:title\" content=\"Home - EvaLootz\" \/>\n<meta property=\"og:description\" content=\"NEWS Enclave Festival 2021, Poetics Bifrontes \/ Transatl\u00e1nticas Conference 1 of October at 19:15h III CURSO DE CULTURA CONTEMPOR\u00c1NEA The days of forms and music Events Hall of the Museum of Navarra C. de Santo Domingo, 47, 31001 Pamplona Hair on the tongue From June 24 to July 26 2021. TRINTA arte contempor\u00e1neaVirxe da Cerca, [&hellip;]\" \/>\n<meta property=\"og:url\" content=\"https:\/\/evalootz.net\/\" \/>\n<meta property=\"og:site_name\" content=\"EvaLootz\" \/>\n<meta property=\"article:modified_time\" content=\"2021-10-01T09:47:47+00:00\" \/>\n<meta property=\"og:image\" content=\"https:\/\/evalootz.net\/wp-content\/uploads\/2020\/09\/photo-cv.jpg\" \/>\n\t<meta property=\"og:image:width\" content=\"1579\" \/>\n\t<meta property=\"og:image:height\" content=\"1987\" \/>\n\t<meta property=\"og:image:type\" content=\"image\/jpeg\" \/>\n<meta name=\"twitter:card\" content=\"summary_large_image\" \/>\n<meta name=\"twitter:label1\" content=\"Est. reading time\" \/>\n\t<meta name=\"twitter:data1\" content=\"1 minute\" \/>\n<script type=\"application\/ld+json\" class=\"yoast-schema-graph\">{\"@context\":\"https:\\\/\\\/schema.org\",\"@graph\":[{\"@type\":\"WebPage\",\"@id\":\"https:\\\/\\\/evalootz.net\\\/\",\"url\":\"https:\\\/\\\/evalootz.net\\\/\",\"name\":\"Home - EvaLootz\",\"isPartOf\":{\"@id\":\"https:\\\/\\\/evalootz.net\\\/#website\"},\"primaryImageOfPage\":{\"@id\":\"https:\\\/\\\/evalootz.net\\\/#primaryimage\"},\"image\":{\"@id\":\"https:\\\/\\\/evalootz.net\\\/#primaryimage\"},\"thumbnailUrl\":\"https:\\\/\\\/evalootz.net\\\/wp-content\\\/uploads\\\/2020\\\/09\\\/photo-cv.jpg\",\"datePublished\":\"2016-11-09T21:50:43+00:00\",\"dateModified\":\"2021-10-01T09:47:47+00:00\",\"breadcrumb\":{\"@id\":\"https:\\\/\\\/evalootz.net\\\/#breadcrumb\"},\"inLanguage\":\"en-US\",\"potentialAction\":[{\"@type\":\"ReadAction\",\"target\":[\"https:\\\/\\\/evalootz.net\\\/\"]}]},{\"@type\":\"ImageObject\",\"inLanguage\":\"en-US\",\"@id\":\"https:\\\/\\\/evalootz.net\\\/#primaryimage\",\"url\":\"https:\\\/\\\/evalootz.net\\\/wp-content\\\/uploads\\\/2020\\\/09\\\/photo-cv.jpg\",\"contentUrl\":\"https:\\\/\\\/evalootz.net\\\/wp-content\\\/uploads\\\/2020\\\/09\\\/photo-cv.jpg\",\"width\":1579,\"height\":1987,\"caption\":\"Eva Lootz\"},{\"@type\":\"BreadcrumbList\",\"@id\":\"https:\\\/\\\/evalootz.net\\\/#breadcrumb\",\"itemListElement\":[{\"@type\":\"ListItem\",\"position\":1,\"name\":\"Portada\",\"item\":\"https:\\\/\\\/evalootz.net\\\/\"},{\"@type\":\"ListItem\",\"position\":2,\"name\":\"Home\"}]},{\"@type\":\"WebSite\",\"@id\":\"https:\\\/\\\/evalootz.net\\\/#website\",\"url\":\"https:\\\/\\\/evalootz.net\\\/\",\"name\":\"EvaLootz\",\"description\":\"Artista\",\"publisher\":{\"@id\":\"https:\\\/\\\/evalootz.net\\\/#\\\/schema\\\/person\\\/2f1c9b1e15789e72e0577400fba0dc94\"},\"potentialAction\":[{\"@type\":\"SearchAction\",\"target\":{\"@type\":\"EntryPoint\",\"urlTemplate\":\"https:\\\/\\\/evalootz.net\\\/?s={search_term_string}\"},\"query-input\":{\"@type\":\"PropertyValueSpecification\",\"valueRequired\":true,\"valueName\":\"search_term_string\"}}],\"inLanguage\":\"en-US\"},{\"@type\":[\"Person\",\"Organization\"],\"@id\":\"https:\\\/\\\/evalootz.net\\\/#\\\/schema\\\/person\\\/2f1c9b1e15789e72e0577400fba0dc94\",\"name\":\"elootz\",\"image\":{\"@type\":\"ImageObject\",\"inLanguage\":\"en-US\",\"@id\":\"https:\\\/\\\/evalootz.net\\\/wp-content\\\/litespeed\\\/avatar\\\/d3e8b582bc7efbec58762669f9110d13.jpg?ver=1776934747\",\"url\":\"https:\\\/\\\/evalootz.net\\\/wp-content\\\/litespeed\\\/avatar\\\/d3e8b582bc7efbec58762669f9110d13.jpg?ver=1776934747\",\"contentUrl\":\"https:\\\/\\\/evalootz.net\\\/wp-content\\\/litespeed\\\/avatar\\\/d3e8b582bc7efbec58762669f9110d13.jpg?ver=1776934747\",\"caption\":\"elootz\"},\"logo\":{\"@id\":\"https:\\\/\\\/evalootz.net\\\/wp-content\\\/litespeed\\\/avatar\\\/d3e8b582bc7efbec58762669f9110d13.jpg?ver=1776934747\"}}]}<\/script>\n<!-- \/ Yoast SEO plugin. -->","yoast_head_json":{"title":"Home - EvaLootz","robots":{"index":"index","follow":"follow","max-snippet":"max-snippet:-1","max-image-preview":"max-image-preview:large","max-video-preview":"max-video-preview:-1"},"canonical":"https:\/\/evalootz.net\/","og_locale":"en_US","og_type":"article","og_title":"Home - EvaLootz","og_description":"NEWS Enclave Festival 2021, Poetics Bifrontes \/ Transatl\u00e1nticas Conference 1 of October at 19:15h III CURSO DE CULTURA CONTEMPOR\u00c1NEA The days of forms and music Events Hall of the Museum of Navarra C. de Santo Domingo, 47, 31001 Pamplona Hair on the tongue From June 24 to July 26 2021. TRINTA arte contempor\u00e1neaVirxe da Cerca, [&hellip;]","og_url":"https:\/\/evalootz.net\/","og_site_name":"EvaLootz","article_modified_time":"2021-10-01T09:47:47+00:00","og_image":[{"width":1579,"height":1987,"url":"https:\/\/evalootz.net\/wp-content\/uploads\/2020\/09\/photo-cv.jpg","type":"image\/jpeg"}],"twitter_card":"summary_large_image","twitter_misc":{"Est. reading time":"1 minute"},"schema":{"@context":"https:\/\/schema.org","@graph":[{"@type":"WebPage","@id":"https:\/\/evalootz.net\/","url":"https:\/\/evalootz.net\/","name":"Home - EvaLootz","isPartOf":{"@id":"https:\/\/evalootz.net\/#website"},"primaryImageOfPage":{"@id":"https:\/\/evalootz.net\/#primaryimage"},"image":{"@id":"https:\/\/evalootz.net\/#primaryimage"},"thumbnailUrl":"https:\/\/evalootz.net\/wp-content\/uploads\/2020\/09\/photo-cv.jpg","datePublished":"2016-11-09T21:50:43+00:00","dateModified":"2021-10-01T09:47:47+00:00","breadcrumb":{"@id":"https:\/\/evalootz.net\/#breadcrumb"},"inLanguage":"en-US","potentialAction":[{"@type":"ReadAction","target":["https:\/\/evalootz.net\/"]}]},{"@type":"ImageObject","inLanguage":"en-US","@id":"https:\/\/evalootz.net\/#primaryimage","url":"https:\/\/evalootz.net\/wp-content\/uploads\/2020\/09\/photo-cv.jpg","contentUrl":"https:\/\/evalootz.net\/wp-content\/uploads\/2020\/09\/photo-cv.jpg","width":1579,"height":1987,"caption":"Eva Lootz"},{"@type":"BreadcrumbList","@id":"https:\/\/evalootz.net\/#breadcrumb","itemListElement":[{"@type":"ListItem","position":1,"name":"Portada","item":"https:\/\/evalootz.net\/"},{"@type":"ListItem","position":2,"name":"Home"}]},{"@type":"WebSite","@id":"https:\/\/evalootz.net\/#website","url":"https:\/\/evalootz.net\/","name":"EvaLootz","description":"Artista","publisher":{"@id":"https:\/\/evalootz.net\/#\/schema\/person\/2f1c9b1e15789e72e0577400fba0dc94"},"potentialAction":[{"@type":"SearchAction","target":{"@type":"EntryPoint","urlTemplate":"https:\/\/evalootz.net\/?s={search_term_string}"},"query-input":{"@type":"PropertyValueSpecification","valueRequired":true,"valueName":"search_term_string"}}],"inLanguage":"en-US"},{"@type":["Person","Organization"],"@id":"https:\/\/evalootz.net\/#\/schema\/person\/2f1c9b1e15789e72e0577400fba0dc94","name":"elootz","image":{"@type":"ImageObject","inLanguage":"en-US","@id":"https:\/\/evalootz.net\/wp-content\/litespeed\/avatar\/d3e8b582bc7efbec58762669f9110d13.jpg?ver=1776934747","url":"https:\/\/evalootz.net\/wp-content\/litespeed\/avatar\/d3e8b582bc7efbec58762669f9110d13.jpg?ver=1776934747","contentUrl":"https:\/\/evalootz.net\/wp-content\/litespeed\/avatar\/d3e8b582bc7efbec58762669f9110d13.jpg?ver=1776934747","caption":"elootz"},"logo":{"@id":"https:\/\/evalootz.net\/wp-content\/litespeed\/avatar\/d3e8b582bc7efbec58762669f9110d13.jpg?ver=1776934747"}}]}},"_links":{"self":[{"href":"https:\/\/evalootz.net\/en\/wp-json\/wp\/v2\/pages\/2779","targetHints":{"allow":["GET"]}}],"collection":[{"href":"https:\/\/evalootz.net\/en\/wp-json\/wp\/v2\/pages"}],"about":[{"href":"https:\/\/evalootz.net\/en\/wp-json\/wp\/v2\/types\/page"}],"author":[{"embeddable":true,"href":"https:\/\/evalootz.net\/en\/wp-json\/wp\/v2\/users\/1"}],"replies":[{"embeddable":true,"href":"https:\/\/evalootz.net\/en\/wp-json\/wp\/v2\/comments?post=2779"}],"version-history":[{"count":9,"href":"https:\/\/evalootz.net\/en\/wp-json\/wp\/v2\/pages\/2779\/revisions"}],"predecessor-version":[{"id":3506,"href":"https:\/\/evalootz.net\/en\/wp-json\/wp\/v2\/pages\/2779\/revisions\/3506"}],"wp:featuredmedia":[{"embeddable":true,"href":"https:\/\/evalootz.net\/en\/wp-json\/wp\/v2\/media\/2767"}],"wp:attachment":[{"href":"https:\/\/evalootz.net\/en\/wp-json\/wp\/v2\/media?parent=2779"}],"curies":[{"name":"wp","href":"https:\/\/api.w.org\/{rel}","templated":true}]}}