{"id":3134,"date":"2021-04-12T13:09:19","date_gmt":"2021-04-12T13:09:19","guid":{"rendered":"https:\/\/evalootz.net\/?page_id=3134"},"modified":"2021-05-06T20:06:28","modified_gmt":"2021-05-06T20:06:28","slug":"podcast","status":"publish","type":"page","link":"https:\/\/evalootz.net\/en\/podcast\/","title":{"rendered":"Podcasts"},"content":{"rendered":"\t\t<div data-elementor-type=\"wp-page\" data-elementor-id=\"3134\" class=\"elementor elementor-3134 elementor-3133\" data-elementor-post-type=\"page\">\n\t\t\t\t\t\t<section class=\"elementor-section elementor-top-section elementor-element elementor-element-f53913f elementor-section-boxed elementor-section-height-default elementor-section-height-default\" data-id=\"f53913f\" data-element_type=\"section\" data-e-type=\"section\">\n\t\t\t\t\t\t<div class=\"elementor-container elementor-column-gap-default\">\n\t\t\t\t\t<div class=\"elementor-column elementor-col-100 elementor-top-column elementor-element elementor-element-9279d8e\" data-id=\"9279d8e\" data-element_type=\"column\" data-e-type=\"column\">\n\t\t\t<div class=\"elementor-widget-wrap elementor-element-populated\">\n\t\t\t\t\t\t<div class=\"elementor-element elementor-element-eae33a6 big-title elementor-widget elementor-widget-heading\" data-id=\"eae33a6\" data-element_type=\"widget\" data-e-type=\"widget\" data-widget_type=\"heading.default\">\n\t\t\t\t<div class=\"elementor-widget-container\">\n\t\t\t\t\t<h2 class=\"elementor-heading-title elementor-size-default\">Podcasts<\/h2>\t\t\t\t<\/div>\n\t\t\t\t<\/div>\n\t\t\t\t\t<\/div>\n\t\t<\/div>\n\t\t\t\t\t<\/div>\n\t\t<\/section>\n\t\t\t\t<section class=\"elementor-section elementor-top-section elementor-element elementor-element-b08d7e3 elementor-section-stretched elementor-section-boxed elementor-section-height-default elementor-section-height-default\" data-id=\"b08d7e3\" data-element_type=\"section\" data-e-type=\"section\" data-settings=\"{&quot;stretch_section&quot;:&quot;section-stretched&quot;}\">\n\t\t\t\t\t\t<div class=\"elementor-container elementor-column-gap-default\">\n\t\t\t\t\t<div class=\"elementor-column elementor-col-100 elementor-top-column elementor-element elementor-element-a9b5ab1 big-margin\" data-id=\"a9b5ab1\" data-element_type=\"column\" data-e-type=\"column\">\n\t\t\t<div class=\"elementor-widget-wrap elementor-element-populated\">\n\t\t\t\t\t\t<section class=\"elementor-section elementor-inner-section elementor-element elementor-element-0872a82 elementor-section-boxed elementor-section-height-default elementor-section-height-default\" data-id=\"0872a82\" data-element_type=\"section\" data-e-type=\"section\">\n\t\t\t\t\t\t<div class=\"elementor-container elementor-column-gap-wide\">\n\t\t\t\t\t<div class=\"elementor-column elementor-col-25 elementor-inner-column elementor-element elementor-element-96e92a6\" data-id=\"96e92a6\" data-element_type=\"column\" data-e-type=\"column\">\n\t\t\t<div class=\"elementor-widget-wrap elementor-element-populated\">\n\t\t\t\t\t\t<div class=\"elementor-element elementor-element-48ce097 elementor-widget elementor-widget-image\" data-id=\"48ce097\" data-element_type=\"widget\" data-e-type=\"widget\" data-widget_type=\"image.default\">\n\t\t\t\t<div class=\"elementor-widget-container\">\n\t\t\t\t\t\t\t\t\t\t\t\t<figure class=\"wp-caption\">\n\t\t\t\t\t\t\t\t\t\t\t<a href=\"#elementor-action%3Aaction%3Dpopup%3Aopen%26settings%3DeyJpZCI6MzM0OCwidG9nZ2xlIjpmYWxzZX0%3D\">\n\t\t\t\t\t\t\t<img decoding=\"async\" src=\"https:\/\/evalootz.net\/wp-content\/uploads\/elementor\/thumbs\/IMG_20210428_132000-p6fg4aj0rfxwe9l8jex0zfjy4ypklw15f7q9xc2oy8.jpg\" title=\"Voces para la Mirada a estratos.\" alt=\"Voces para la Mirada a estratos.\" loading=\"lazy\" \/>\t\t\t\t\t\t\t\t<\/a>\n\t\t\t\t\t\t\t\t\t\t\t<figcaption class=\"widget-image-caption wp-caption-text\">Voces para la Mirada a estratos.<\/figcaption>\n\t\t\t\t\t\t\t\t\t\t<\/figure>\n\t\t\t\t\t\t\t\t\t<\/div>\n\t\t\t\t<\/div>\n\t\t\t\t\t<\/div>\n\t\t<\/div>\n\t\t\t\t<div class=\"elementor-column elementor-col-25 elementor-inner-column elementor-element elementor-element-8641d6d\" data-id=\"8641d6d\" data-element_type=\"column\" data-e-type=\"column\">\n\t\t\t<div class=\"elementor-widget-wrap elementor-element-populated\">\n\t\t\t\t\t\t<div class=\"elementor-element elementor-element-bb35596 elementor-widget elementor-widget-image\" data-id=\"bb35596\" data-element_type=\"widget\" data-e-type=\"widget\" data-widget_type=\"image.default\">\n\t\t\t\t<div class=\"elementor-widget-container\">\n\t\t\t\t\t\t\t\t\t\t\t\t<figure class=\"wp-caption\">\n\t\t\t\t\t\t\t\t\t\t\t<a href=\"#elementor-action%3Aaction%3Dpopup%3Aopen%26settings%3DeyJpZCI6MzM1NSwidG9nZ2xlIjpmYWxzZX0%3D\">\n\t\t\t\t\t\t\t<img decoding=\"async\" src=\"https:\/\/evalootz.net\/wp-content\/uploads\/elementor\/thumbs\/39.-La-lengua-de-los-pajaros7-2002-p6fjsbwusmoxabsoizldqm1y6hwqv97r8qsptmaswg.jpg\" title=\"39. La lengua de los p\u00e1jaros7, 2002\" alt=\"The Langauge of Birds\" loading=\"lazy\" \/>\t\t\t\t\t\t\t\t<\/a>\n\t\t\t\t\t\t\t\t\t\t\t<figcaption class=\"widget-image-caption wp-caption-text\">The Langauge of Birds<\/figcaption>\n\t\t\t\t\t\t\t\t\t\t<\/figure>\n\t\t\t\t\t\t\t\t\t<\/div>\n\t\t\t\t<\/div>\n\t\t\t\t\t<\/div>\n\t\t<\/div>\n\t\t\t\t<div class=\"elementor-column elementor-col-25 elementor-inner-column elementor-element elementor-element-287278b\" data-id=\"287278b\" data-element_type=\"column\" data-e-type=\"column\">\n\t\t\t<div class=\"elementor-widget-wrap elementor-element-populated\">\n\t\t\t\t\t\t<div class=\"elementor-element elementor-element-e832714 elementor-widget elementor-widget-image\" data-id=\"e832714\" data-element_type=\"widget\" data-e-type=\"widget\" data-widget_type=\"image.default\">\n\t\t\t\t<div class=\"elementor-widget-container\">\n\t\t\t\t\t\t\t\t\t\t\t\t<figure class=\"wp-caption\">\n\t\t\t\t\t\t\t\t\t\t\t<a href=\"#elementor-action%3Aaction%3Dpopup%3Aopen%26settings%3DeyJpZCI6MzM3MCwidG9nZ2xlIjpmYWxzZX0%3D\">\n\t\t\t\t\t\t\t<img decoding=\"async\" src=\"https:\/\/evalootz.net\/wp-content\/uploads\/elementor\/thumbs\/Tu-y-yo-2.-1997-p6fs5ycfurlatpo79d7luhyshn8wuqmzdn1tq32w9c.jpg\" title=\"T\u00fa y yo 2. 1997\" alt=\"T\u00fa y yo II\" loading=\"lazy\" \/>\t\t\t\t\t\t\t\t<\/a>\n\t\t\t\t\t\t\t\t\t\t\t<figcaption class=\"widget-image-caption wp-caption-text\">T\u00fa y yo II<\/figcaption>\n\t\t\t\t\t\t\t\t\t\t<\/figure>\n\t\t\t\t\t\t\t\t\t<\/div>\n\t\t\t\t<\/div>\n\t\t\t\t\t<\/div>\n\t\t<\/div>\n\t\t\t\t<div class=\"elementor-column elementor-col-25 elementor-inner-column elementor-element elementor-element-92cca7c\" data-id=\"92cca7c\" data-element_type=\"column\" data-e-type=\"column\">\n\t\t\t<div class=\"elementor-widget-wrap elementor-element-populated\">\n\t\t\t\t\t\t<div class=\"elementor-element elementor-element-55856da elementor-widget elementor-widget-image\" data-id=\"55856da\" data-element_type=\"widget\" data-e-type=\"widget\" data-widget_type=\"image.default\">\n\t\t\t\t<div class=\"elementor-widget-container\">\n\t\t\t\t\t\t\t\t\t\t\t\t<figure class=\"wp-caption\">\n\t\t\t\t\t\t\t\t\t\t\t<a href=\"#elementor-action%3Aaction%3Dpopup%3Aopen%26settings%3DeyJpZCI6MzM2OSwidG9nZ2xlIjpmYWxzZX0%3D\">\n\t\t\t\t\t\t\t<img decoding=\"async\" src=\"https:\/\/evalootz.net\/wp-content\/uploads\/elementor\/thumbs\/13.-La-oreja-parlante.-Proyecto-1.-Expo-del-Agua.-Zaragoza-2008-p6mhwxazxjawqi4d0rv9hu1o55esaztw9civb93jkg.jpg\" title=\"13. La oreja parlante. Proyecto 1. Expo del Agua. Zaragoza 2008\" alt=\"a oreja parlante. Proyecto 1. Expo del Agua. Zaragoza 2008\" loading=\"lazy\" \/>\t\t\t\t\t\t\t\t<\/a>\n\t\t\t\t\t\t\t\t\t\t\t<figcaption class=\"widget-image-caption wp-caption-text\">Las voces del r\u00edo\n<\/figcaption>\n\t\t\t\t\t\t\t\t\t\t<\/figure>\n\t\t\t\t\t\t\t\t\t<\/div>\n\t\t\t\t<\/div>\n\t\t\t\t\t<\/div>\n\t\t<\/div>\n\t\t\t\t\t<\/div>\n\t\t<\/section>\n\t\t\t\t\t<\/div>\n\t\t<\/div>\n\t\t\t\t\t<\/div>\n\t\t<\/section>\n\t\t\t\t<\/div>\n\t\t","protected":false},"excerpt":{"rendered":"<p>Voces para la Mirada a estratos. La lengua de los p\u00e1jaros T\u00fa y yo II Las voces del r\u00edo<\/p>\n","protected":false},"author":1,"featured_media":0,"parent":0,"menu_order":0,"comment_status":"closed","ping_status":"closed","template":"","meta":{"ocean_post_layout":"","ocean_both_sidebars_style":"","ocean_both_sidebars_content_width":0,"ocean_both_sidebars_sidebars_width":0,"ocean_sidebar":"0","ocean_second_sidebar":"0","ocean_disable_margins":"enable","ocean_add_body_class":"","ocean_shortcode_before_top_bar":"","ocean_shortcode_after_top_bar":"","ocean_shortcode_before_header":"","ocean_shortcode_after_header":"","ocean_has_shortcode":"","ocean_shortcode_after_title":"","ocean_shortcode_before_footer_widgets":"","ocean_shortcode_after_footer_widgets":"","ocean_shortcode_before_footer_bottom":"","ocean_shortcode_after_footer_bottom":"","ocean_display_top_bar":"default","ocean_display_header":"default","ocean_header_style":"","ocean_center_header_left_menu":"0","ocean_custom_header_template":"0","ocean_custom_logo":0,"ocean_custom_retina_logo":0,"ocean_custom_logo_max_width":0,"ocean_custom_logo_tablet_max_width":0,"ocean_custom_logo_mobile_max_width":0,"ocean_custom_logo_max_height":0,"ocean_custom_logo_tablet_max_height":0,"ocean_custom_logo_mobile_max_height":0,"ocean_header_custom_menu":"0","ocean_menu_typo_font_family":"0","ocean_menu_typo_font_subset":"","ocean_menu_typo_font_size":0,"ocean_menu_typo_font_size_tablet":0,"ocean_menu_typo_font_size_mobile":0,"ocean_menu_typo_font_size_unit":"px","ocean_menu_typo_font_weight":"","ocean_menu_typo_font_weight_tablet":"","ocean_menu_typo_font_weight_mobile":"","ocean_menu_typo_transform":"","ocean_menu_typo_transform_tablet":"","ocean_menu_typo_transform_mobile":"","ocean_menu_typo_line_height":0,"ocean_menu_typo_line_height_tablet":0,"ocean_menu_typo_line_height_mobile":0,"ocean_menu_typo_line_height_unit":"","ocean_menu_typo_spacing":0,"ocean_menu_typo_spacing_tablet":0,"ocean_menu_typo_spacing_mobile":0,"ocean_menu_typo_spacing_unit":"","ocean_menu_link_color":"","ocean_menu_link_color_hover":"","ocean_menu_link_color_active":"","ocean_menu_link_background":"","ocean_menu_link_hover_background":"","ocean_menu_link_active_background":"","ocean_menu_social_links_bg":"","ocean_menu_social_hover_links_bg":"","ocean_menu_social_links_color":"","ocean_menu_social_hover_links_color":"","ocean_disable_title":"on","ocean_disable_heading":"default","ocean_post_title":"","ocean_post_subheading":"","ocean_post_title_style":"","ocean_post_title_background_color":"","ocean_post_title_background":0,"ocean_post_title_bg_image_position":"","ocean_post_title_bg_image_attachment":"","ocean_post_title_bg_image_repeat":"","ocean_post_title_bg_image_size":"","ocean_post_title_height":0,"ocean_post_title_bg_overlay":0.5,"ocean_post_title_bg_overlay_color":"","ocean_disable_breadcrumbs":"off","ocean_breadcrumbs_color":"","ocean_breadcrumbs_separator_color":"","ocean_breadcrumbs_links_color":"","ocean_breadcrumbs_links_hover_color":"","ocean_display_footer_widgets":"default","ocean_display_footer_bottom":"default","ocean_custom_footer_template":"0","footnotes":""},"class_list":["post-3134","page","type-page","status-publish","hentry","entry"],"yoast_head":"<!-- This site is optimized with the Yoast SEO plugin v27.4 - https:\/\/yoast.com\/product\/yoast-seo-wordpress\/ -->\n<title>Podcasts - EvaLootz<\/title>\n<meta name=\"robots\" content=\"index, follow, max-snippet:-1, max-image-preview:large, max-video-preview:-1\" \/>\n<link rel=\"canonical\" href=\"https:\/\/evalootz.net\/audios\/\" \/>\n<meta property=\"og:locale\" content=\"en_US\" \/>\n<meta property=\"og:type\" content=\"article\" \/>\n<meta property=\"og:title\" content=\"Podcasts - EvaLootz\" \/>\n<meta property=\"og:description\" content=\"Voces para la Mirada a estratos. La lengua de los p\u00e1jaros T\u00fa y yo II Las voces del r\u00edo\" \/>\n<meta property=\"og:url\" content=\"https:\/\/evalootz.net\/audios\/\" \/>\n<meta property=\"og:site_name\" content=\"EvaLootz\" \/>\n<meta property=\"article:modified_time\" content=\"2021-05-06T20:06:28+00:00\" \/>\n<meta property=\"og:image\" content=\"https:\/\/evalootz.net\/wp-content\/uploads\/elementor\/thumbs\/IMG_20210428_132000-p6fg4aj0rfxwe9l8jex0zfjy4ypklw15f7q9xc2oy8.jpg\" \/>\n<meta name=\"twitter:card\" content=\"summary_large_image\" \/>\n<script type=\"application\/ld+json\" class=\"yoast-schema-graph\">{\"@context\":\"https:\\\/\\\/schema.org\",\"@graph\":[{\"@type\":\"WebPage\",\"@id\":\"https:\\\/\\\/evalootz.net\\\/audios\\\/\",\"url\":\"https:\\\/\\\/evalootz.net\\\/audios\\\/\",\"name\":\"Podcasts - EvaLootz\",\"isPartOf\":{\"@id\":\"https:\\\/\\\/evalootz.net\\\/#website\"},\"primaryImageOfPage\":{\"@id\":\"https:\\\/\\\/evalootz.net\\\/audios\\\/#primaryimage\"},\"image\":{\"@id\":\"https:\\\/\\\/evalootz.net\\\/audios\\\/#primaryimage\"},\"thumbnailUrl\":\"https:\\\/\\\/evalootz.net\\\/wp-content\\\/uploads\\\/elementor\\\/thumbs\\\/IMG_20210428_132000-p6fg4aj0rfxwe9l8jex0zfjy4ypklw15f7q9xc2oy8.jpg\",\"datePublished\":\"2021-04-12T13:09:19+00:00\",\"dateModified\":\"2021-05-06T20:06:28+00:00\",\"breadcrumb\":{\"@id\":\"https:\\\/\\\/evalootz.net\\\/audios\\\/#breadcrumb\"},\"inLanguage\":\"en-US\",\"potentialAction\":[{\"@type\":\"ReadAction\",\"target\":[\"https:\\\/\\\/evalootz.net\\\/audios\\\/\"]}]},{\"@type\":\"ImageObject\",\"inLanguage\":\"en-US\",\"@id\":\"https:\\\/\\\/evalootz.net\\\/audios\\\/#primaryimage\",\"url\":\"https:\\\/\\\/evalootz.net\\\/wp-content\\\/uploads\\\/elementor\\\/thumbs\\\/IMG_20210428_132000-p6fg4aj0rfxwe9l8jex0zfjy4ypklw15f7q9xc2oy8.jpg\",\"contentUrl\":\"https:\\\/\\\/evalootz.net\\\/wp-content\\\/uploads\\\/elementor\\\/thumbs\\\/IMG_20210428_132000-p6fg4aj0rfxwe9l8jex0zfjy4ypklw15f7q9xc2oy8.jpg\"},{\"@type\":\"BreadcrumbList\",\"@id\":\"https:\\\/\\\/evalootz.net\\\/audios\\\/#breadcrumb\",\"itemListElement\":[{\"@type\":\"ListItem\",\"position\":1,\"name\":\"Portada\",\"item\":\"https:\\\/\\\/evalootz.net\\\/\"},{\"@type\":\"ListItem\",\"position\":2,\"name\":\"Podcasts\"}]},{\"@type\":\"WebSite\",\"@id\":\"https:\\\/\\\/evalootz.net\\\/#website\",\"url\":\"https:\\\/\\\/evalootz.net\\\/\",\"name\":\"EvaLootz\",\"description\":\"Artista\",\"publisher\":{\"@id\":\"https:\\\/\\\/evalootz.net\\\/#\\\/schema\\\/person\\\/2f1c9b1e15789e72e0577400fba0dc94\"},\"potentialAction\":[{\"@type\":\"SearchAction\",\"target\":{\"@type\":\"EntryPoint\",\"urlTemplate\":\"https:\\\/\\\/evalootz.net\\\/?s={search_term_string}\"},\"query-input\":{\"@type\":\"PropertyValueSpecification\",\"valueRequired\":true,\"valueName\":\"search_term_string\"}}],\"inLanguage\":\"en-US\"},{\"@type\":[\"Person\",\"Organization\"],\"@id\":\"https:\\\/\\\/evalootz.net\\\/#\\\/schema\\\/person\\\/2f1c9b1e15789e72e0577400fba0dc94\",\"name\":\"elootz\",\"image\":{\"@type\":\"ImageObject\",\"inLanguage\":\"en-US\",\"@id\":\"https:\\\/\\\/evalootz.net\\\/wp-content\\\/litespeed\\\/avatar\\\/d3e8b582bc7efbec58762669f9110d13.jpg?ver=1776934747\",\"url\":\"https:\\\/\\\/evalootz.net\\\/wp-content\\\/litespeed\\\/avatar\\\/d3e8b582bc7efbec58762669f9110d13.jpg?ver=1776934747\",\"contentUrl\":\"https:\\\/\\\/evalootz.net\\\/wp-content\\\/litespeed\\\/avatar\\\/d3e8b582bc7efbec58762669f9110d13.jpg?ver=1776934747\",\"caption\":\"elootz\"},\"logo\":{\"@id\":\"https:\\\/\\\/evalootz.net\\\/wp-content\\\/litespeed\\\/avatar\\\/d3e8b582bc7efbec58762669f9110d13.jpg?ver=1776934747\"}}]}<\/script>\n<!-- \/ Yoast SEO plugin. -->","yoast_head_json":{"title":"Podcasts - EvaLootz","robots":{"index":"index","follow":"follow","max-snippet":"max-snippet:-1","max-image-preview":"max-image-preview:large","max-video-preview":"max-video-preview:-1"},"canonical":"https:\/\/evalootz.net\/audios\/","og_locale":"en_US","og_type":"article","og_title":"Podcasts - EvaLootz","og_description":"Voces para la Mirada a estratos. La lengua de los p\u00e1jaros T\u00fa y yo II Las voces del r\u00edo","og_url":"https:\/\/evalootz.net\/audios\/","og_site_name":"EvaLootz","article_modified_time":"2021-05-06T20:06:28+00:00","og_image":[{"url":"https:\/\/evalootz.net\/wp-content\/uploads\/elementor\/thumbs\/IMG_20210428_132000-p6fg4aj0rfxwe9l8jex0zfjy4ypklw15f7q9xc2oy8.jpg","type":"","width":"","height":""}],"twitter_card":"summary_large_image","schema":{"@context":"https:\/\/schema.org","@graph":[{"@type":"WebPage","@id":"https:\/\/evalootz.net\/audios\/","url":"https:\/\/evalootz.net\/audios\/","name":"Podcasts - EvaLootz","isPartOf":{"@id":"https:\/\/evalootz.net\/#website"},"primaryImageOfPage":{"@id":"https:\/\/evalootz.net\/audios\/#primaryimage"},"image":{"@id":"https:\/\/evalootz.net\/audios\/#primaryimage"},"thumbnailUrl":"https:\/\/evalootz.net\/wp-content\/uploads\/elementor\/thumbs\/IMG_20210428_132000-p6fg4aj0rfxwe9l8jex0zfjy4ypklw15f7q9xc2oy8.jpg","datePublished":"2021-04-12T13:09:19+00:00","dateModified":"2021-05-06T20:06:28+00:00","breadcrumb":{"@id":"https:\/\/evalootz.net\/audios\/#breadcrumb"},"inLanguage":"en-US","potentialAction":[{"@type":"ReadAction","target":["https:\/\/evalootz.net\/audios\/"]}]},{"@type":"ImageObject","inLanguage":"en-US","@id":"https:\/\/evalootz.net\/audios\/#primaryimage","url":"https:\/\/evalootz.net\/wp-content\/uploads\/elementor\/thumbs\/IMG_20210428_132000-p6fg4aj0rfxwe9l8jex0zfjy4ypklw15f7q9xc2oy8.jpg","contentUrl":"https:\/\/evalootz.net\/wp-content\/uploads\/elementor\/thumbs\/IMG_20210428_132000-p6fg4aj0rfxwe9l8jex0zfjy4ypklw15f7q9xc2oy8.jpg"},{"@type":"BreadcrumbList","@id":"https:\/\/evalootz.net\/audios\/#breadcrumb","itemListElement":[{"@type":"ListItem","position":1,"name":"Portada","item":"https:\/\/evalootz.net\/"},{"@type":"ListItem","position":2,"name":"Podcasts"}]},{"@type":"WebSite","@id":"https:\/\/evalootz.net\/#website","url":"https:\/\/evalootz.net\/","name":"EvaLootz","description":"Artista","publisher":{"@id":"https:\/\/evalootz.net\/#\/schema\/person\/2f1c9b1e15789e72e0577400fba0dc94"},"potentialAction":[{"@type":"SearchAction","target":{"@type":"EntryPoint","urlTemplate":"https:\/\/evalootz.net\/?s={search_term_string}"},"query-input":{"@type":"PropertyValueSpecification","valueRequired":true,"valueName":"search_term_string"}}],"inLanguage":"en-US"},{"@type":["Person","Organization"],"@id":"https:\/\/evalootz.net\/#\/schema\/person\/2f1c9b1e15789e72e0577400fba0dc94","name":"elootz","image":{"@type":"ImageObject","inLanguage":"en-US","@id":"https:\/\/evalootz.net\/wp-content\/litespeed\/avatar\/d3e8b582bc7efbec58762669f9110d13.jpg?ver=1776934747","url":"https:\/\/evalootz.net\/wp-content\/litespeed\/avatar\/d3e8b582bc7efbec58762669f9110d13.jpg?ver=1776934747","contentUrl":"https:\/\/evalootz.net\/wp-content\/litespeed\/avatar\/d3e8b582bc7efbec58762669f9110d13.jpg?ver=1776934747","caption":"elootz"},"logo":{"@id":"https:\/\/evalootz.net\/wp-content\/litespeed\/avatar\/d3e8b582bc7efbec58762669f9110d13.jpg?ver=1776934747"}}]}},"_links":{"self":[{"href":"https:\/\/evalootz.net\/en\/wp-json\/wp\/v2\/pages\/3134","targetHints":{"allow":["GET"]}}],"collection":[{"href":"https:\/\/evalootz.net\/en\/wp-json\/wp\/v2\/pages"}],"about":[{"href":"https:\/\/evalootz.net\/en\/wp-json\/wp\/v2\/types\/page"}],"author":[{"embeddable":true,"href":"https:\/\/evalootz.net\/en\/wp-json\/wp\/v2\/users\/1"}],"replies":[{"embeddable":true,"href":"https:\/\/evalootz.net\/en\/wp-json\/wp\/v2\/comments?post=3134"}],"version-history":[{"count":9,"href":"https:\/\/evalootz.net\/en\/wp-json\/wp\/v2\/pages\/3134\/revisions"}],"predecessor-version":[{"id":3425,"href":"https:\/\/evalootz.net\/en\/wp-json\/wp\/v2\/pages\/3134\/revisions\/3425"}],"wp:attachment":[{"href":"https:\/\/evalootz.net\/en\/wp-json\/wp\/v2\/media?parent=3134"}],"curies":[{"name":"wp","href":"https:\/\/api.w.org\/{rel}","templated":true}]}}