{"id":3453,"date":"2021-02-25T10:06:13","date_gmt":"2021-02-25T10:06:13","guid":{"rendered":"https:\/\/evalootz.net\/binomial-dialogue-between-science-and-art\/"},"modified":"2021-05-24T09:23:15","modified_gmt":"2021-05-24T09:23:15","slug":"binomial-dialogue-between-science-and-art","status":"publish","type":"page","link":"https:\/\/evalootz.net\/en\/binomial-dialogue-between-science-and-art\/","title":{"rendered":"BINOMIAL. DIALOGUE BETWEEN SCIENCE AND ART."},"content":{"rendered":"\t\t<div data-elementor-type=\"wp-page\" data-elementor-id=\"3453\" class=\"elementor elementor-3453 elementor-2368\" data-elementor-post-type=\"page\">\n\t\t\t\t\t\t<section class=\"elementor-section elementor-top-section elementor-element elementor-element-8b93ce0 elementor-section-boxed elementor-section-height-default elementor-section-height-default\" data-id=\"8b93ce0\" data-element_type=\"section\" data-e-type=\"section\">\n\t\t\t\t\t\t<div class=\"elementor-container elementor-column-gap-default\">\n\t\t\t\t\t<div class=\"elementor-column elementor-col-100 elementor-top-column elementor-element elementor-element-15e3449\" data-id=\"15e3449\" data-element_type=\"column\" data-e-type=\"column\">\n\t\t\t<div class=\"elementor-widget-wrap elementor-element-populated\">\n\t\t\t\t\t\t<div class=\"elementor-element elementor-element-92a48e0 big-title elementor-widget elementor-widget-heading\" data-id=\"92a48e0\" data-element_type=\"widget\" data-e-type=\"widget\" data-widget_type=\"heading.default\">\n\t\t\t\t<div class=\"elementor-widget-container\">\n\t\t\t\t\t<h2 class=\"elementor-heading-title elementor-size-default\">BINOMIAL. DIALOGUE BETWEEN SCIENCE AND ART.<\/h2>\t\t\t\t<\/div>\n\t\t\t\t<\/div>\n\t\t\t\t\t<\/div>\n\t\t<\/div>\n\t\t\t\t\t<\/div>\n\t\t<\/section>\n\t\t\t\t<section class=\"elementor-section elementor-top-section elementor-element elementor-element-783ffe9 elementor-section-boxed elementor-section-height-default elementor-section-height-default\" data-id=\"783ffe9\" data-element_type=\"section\" data-e-type=\"section\">\n\t\t\t\t\t\t<div class=\"elementor-container elementor-column-gap-default\">\n\t\t\t\t\t<div class=\"elementor-column elementor-col-100 elementor-top-column elementor-element elementor-element-8f5bf8a\" data-id=\"8f5bf8a\" data-element_type=\"column\" data-e-type=\"column\">\n\t\t\t<div class=\"elementor-widget-wrap elementor-element-populated\">\n\t\t\t\t\t\t<div class=\"elementor-element elementor-element-01882be elementor-pagination-position-inside elementor-skin-carousel elementor-pagination-type-bullets elementor-widget elementor-widget-media-carousel\" data-id=\"01882be\" data-element_type=\"widget\" data-e-type=\"widget\" data-settings=\"{&quot;slides_per_view&quot;:&quot;1&quot;,&quot;space_between&quot;:{&quot;unit&quot;:&quot;px&quot;,&quot;size&quot;:&quot;&quot;,&quot;sizes&quot;:[]},&quot;slides_per_view_tablet&quot;:&quot;1&quot;,&quot;slides_per_view_mobile&quot;:&quot;1&quot;,&quot;skin&quot;:&quot;carousel&quot;,&quot;effect&quot;:&quot;slide&quot;,&quot;pagination&quot;:&quot;bullets&quot;,&quot;speed&quot;:500,&quot;autoplay&quot;:&quot;yes&quot;,&quot;autoplay_speed&quot;:5000,&quot;loop&quot;:&quot;yes&quot;,&quot;pause_on_hover&quot;:&quot;yes&quot;,&quot;pause_on_interaction&quot;:&quot;yes&quot;,&quot;space_between_tablet&quot;:{&quot;unit&quot;:&quot;px&quot;,&quot;size&quot;:10,&quot;sizes&quot;:[]},&quot;space_between_mobile&quot;:{&quot;unit&quot;:&quot;px&quot;,&quot;size&quot;:10,&quot;sizes&quot;:[]}}\" data-widget_type=\"media-carousel.default\">\n\t\t\t\t<div class=\"elementor-widget-container\">\n\t\t\t\t\t\t\t\t\t<div class=\"elementor-swiper\">\n\t\t\t\t\t<div class=\"elementor-main-swiper swiper\" role=\"region\" aria-roledescription=\"carousel\" aria-label=\"Slides\">\n\t\t\t\t<div class=\"swiper-wrapper\">\n\t\t\t\t\t\t\t\t\t\t\t<div class=\"swiper-slide\" role=\"group\" aria-roledescription=\"slide\">\n\t\t\t\t\t\t\t<a href=\"http:\/\/evalootz.net\/wp-content\/uploads\/2021\/02\/Binomio-.jpg\" data-elementor-open-lightbox=\"yes\" data-elementor-lightbox-slideshow=\"01882be\" data-elementor-lightbox-title=\"Binomio. Di\u00e1logo entre arte y ciencia. \nCNIO. Madrid\" data-e-action-hash=\"#elementor-action%3Aaction%3Dlightbox%26settings%3DeyJpZCI6MjI1MSwidXJsIjoiaHR0cHM6XC9cL2V2YWxvb3R6Lm5ldFwvd3AtY29udGVudFwvdXBsb2Fkc1wvMjAyMVwvMDJcL0Jpbm9taW8tLmpwZyIsInNsaWRlc2hvdyI6IjAxODgyYmUifQ%3D%3D\">\t\t<div class=\"elementor-carousel-image\" role=\"img\" aria-label=\"Binomio. Di\u00e1logo entre arte y ciencia\" style=\"background-image: url(&#039;https:\/\/evalootz.net\/wp-content\/uploads\/2021\/02\/Binomio-.jpg&#039;)\">\n\n\t\t\t\n\t\t\t\t\t<\/div>\n\t\t<\/a>\t\t\t\t\t\t<\/div>\n\t\t\t\t\t\t\t\t\t\t\t<div class=\"swiper-slide\" role=\"group\" aria-roledescription=\"slide\">\n\t\t\t\t\t\t\t<a href=\"http:\/\/evalootz.net\/wp-content\/uploads\/2021\/02\/margarita-y-eva.jpg\" data-elementor-open-lightbox=\"yes\" data-elementor-lightbox-slideshow=\"01882be\" data-e-action-hash=\"#elementor-action%3Aaction%3Dlightbox%26settings%3DeyJpZCI6MzQ1NiwidXJsIjoiaHR0cHM6XC9cL2V2YWxvb3R6Lm5ldFwvd3AtY29udGVudFwvdXBsb2Fkc1wvMjAyMVwvMDJcL21hcmdhcml0YS15LWV2YS5qcGciLCJzbGlkZXNob3ciOiIwMTg4MmJlIn0%3D\">\t\t<div class=\"elementor-carousel-image\" role=\"img\" aria-label=\"margarita y eva\" style=\"background-image: url(&#039;https:\/\/evalootz.net\/wp-content\/uploads\/2021\/02\/margarita-y-eva.jpg&#039;)\">\n\n\t\t\t\n\t\t\t\t\t<\/div>\n\t\t<\/a>\t\t\t\t\t\t<\/div>\n\t\t\t\t\t\t\t\t\t\t\t<div class=\"swiper-slide\" role=\"group\" aria-roledescription=\"slide\">\n\t\t\t\t\t\t\t<a href=\"http:\/\/evalootz.net\/wp-content\/uploads\/2021\/02\/montaje-ALTA-copia-2.jpg\" data-elementor-open-lightbox=\"yes\" data-elementor-lightbox-slideshow=\"01882be\" data-e-action-hash=\"#elementor-action%3Aaction%3Dlightbox%26settings%3DeyJpZCI6MzQ1NSwidXJsIjoiaHR0cHM6XC9cL2V2YWxvb3R6Lm5ldFwvd3AtY29udGVudFwvdXBsb2Fkc1wvMjAyMVwvMDJcL21vbnRhamUtQUxUQS1jb3BpYS0yLmpwZyIsInNsaWRlc2hvdyI6IjAxODgyYmUifQ%3D%3D\">\t\t<div class=\"elementor-carousel-image\" role=\"img\" aria-label=\"montaje ALTA copia 2\" style=\"background-image: url(&#039;https:\/\/evalootz.net\/wp-content\/uploads\/2021\/02\/montaje-ALTA-copia-2.jpg&#039;)\">\n\n\t\t\t\n\t\t\t\t\t<\/div>\n\t\t<\/a>\t\t\t\t\t\t<\/div>\n\t\t\t\t\t\t\t\t\t<\/div>\n\t\t\t\t\t\t\t\t\t\t\t\t\t\t\t\t\t\t\t\t<div class=\"swiper-pagination\"><\/div>\n\t\t\t\t\t\t\t\t\t\t\t\t<\/div>\n\t\t\t\t<\/div>\n\t\t\t\t\t\t\t\t<\/div>\n\t\t\t\t<\/div>\n\t\t\t\t\t<\/div>\n\t\t<\/div>\n\t\t\t\t\t<\/div>\n\t\t<\/section>\n\t\t\t\t<section class=\"elementor-section elementor-top-section elementor-element elementor-element-c64f6e7 elementor-section-boxed elementor-section-height-default elementor-section-height-default\" data-id=\"c64f6e7\" data-element_type=\"section\" data-e-type=\"section\">\n\t\t\t\t\t\t<div class=\"elementor-container elementor-column-gap-default\">\n\t\t\t\t\t<div class=\"elementor-column elementor-col-100 elementor-top-column elementor-element elementor-element-a015e97\" data-id=\"a015e97\" data-element_type=\"column\" data-e-type=\"column\">\n\t\t\t<div class=\"elementor-widget-wrap elementor-element-populated\">\n\t\t\t\t\t\t<div class=\"elementor-element elementor-element-477e373 elementor-widget elementor-widget-text-editor\" data-id=\"477e373\" data-element_type=\"widget\" data-e-type=\"widget\" data-widget_type=\"text-editor.default\">\n\t\t\t\t<div class=\"elementor-widget-container\">\n\t\t\t\t\t\t\t\t\t<p><strong>Centro Nacional de Investigaciones Oncol\u00f3gicas, 2018\/7<\/strong><\/p>\n\t\t\t\t\t\t\t\t<\/div>\n\t\t\t\t<\/div>\n\t\t\t\t<div class=\"elementor-element elementor-element-6e4a89e elementor-widget elementor-widget-text-editor\" data-id=\"6e4a89e\" data-element_type=\"widget\" data-e-type=\"widget\" data-widget_type=\"text-editor.default\">\n\t\t\t\t<div class=\"elementor-widget-container\">\n\t\t\t\t\t\t\t\t\t<p>This exhibition was the result of an initiative undertaken by the National Center for Oncological Research (C.N.I. O.) and its director Dra. Mar\u00eda Blasco. It was for the first time that such dialogue took place and the scientist chosen was the pioneer in molecular biology in Spain, Margarita Salas, a disciple of the Nobel Prize winner Severo Ochoa. The result of this dialogue was 51 + 1 drawings (I gave one of the drawings to Marguerita Sala as a gift) and a short video.<\/p>\n\t\t\t\t\t\t\t\t<\/div>\n\t\t\t\t<\/div>\n\t\t\t\t\t<\/div>\n\t\t<\/div>\n\t\t\t\t\t<\/div>\n\t\t<\/section>\n\t\t\t\t<\/div>\n\t\t","protected":false},"excerpt":{"rendered":"<p>Centro Nacional de Investigaciones Oncol\u00f3gicas, 2018\/7Esta exposici\u00f3n fue el fruto de una iniciativa del Centro Nacional de Investigaciones Oncol\u00f3gicas C.N.I.O. y de su directora, Mar\u00eda Blasco. Fue la primera vez que tuvo lugar una iniciativa de este estilo y la persona con la que se me propuso establecer un di\u00e1logo fue la pionera de la [&hellip;]<\/p>\n","protected":false},"author":1,"featured_media":0,"parent":0,"menu_order":0,"comment_status":"closed","ping_status":"closed","template":"","meta":{"ocean_post_layout":"","ocean_both_sidebars_style":"","ocean_both_sidebars_content_width":0,"ocean_both_sidebars_sidebars_width":0,"ocean_sidebar":"0","ocean_second_sidebar":"0","ocean_disable_margins":"enable","ocean_add_body_class":"","ocean_shortcode_before_top_bar":"","ocean_shortcode_after_top_bar":"","ocean_shortcode_before_header":"","ocean_shortcode_after_header":"","ocean_has_shortcode":"","ocean_shortcode_after_title":"","ocean_shortcode_before_footer_widgets":"","ocean_shortcode_after_footer_widgets":"","ocean_shortcode_before_footer_bottom":"","ocean_shortcode_after_footer_bottom":"","ocean_display_top_bar":"default","ocean_display_header":"default","ocean_header_style":"","ocean_center_header_left_menu":"0","ocean_custom_header_template":"0","ocean_custom_logo":0,"ocean_custom_retina_logo":0,"ocean_custom_logo_max_width":0,"ocean_custom_logo_tablet_max_width":0,"ocean_custom_logo_mobile_max_width":0,"ocean_custom_logo_max_height":0,"ocean_custom_logo_tablet_max_height":0,"ocean_custom_logo_mobile_max_height":0,"ocean_header_custom_menu":"0","ocean_menu_typo_font_family":"0","ocean_menu_typo_font_subset":"","ocean_menu_typo_font_size":0,"ocean_menu_typo_font_size_tablet":0,"ocean_menu_typo_font_size_mobile":0,"ocean_menu_typo_font_size_unit":"px","ocean_menu_typo_font_weight":"","ocean_menu_typo_font_weight_tablet":"","ocean_menu_typo_font_weight_mobile":"","ocean_menu_typo_transform":"","ocean_menu_typo_transform_tablet":"","ocean_menu_typo_transform_mobile":"","ocean_menu_typo_line_height":0,"ocean_menu_typo_line_height_tablet":0,"ocean_menu_typo_line_height_mobile":0,"ocean_menu_typo_line_height_unit":"","ocean_menu_typo_spacing":0,"ocean_menu_typo_spacing_tablet":0,"ocean_menu_typo_spacing_mobile":0,"ocean_menu_typo_spacing_unit":"","ocean_menu_link_color":"","ocean_menu_link_color_hover":"","ocean_menu_link_color_active":"","ocean_menu_link_background":"","ocean_menu_link_hover_background":"","ocean_menu_link_active_background":"","ocean_menu_social_links_bg":"","ocean_menu_social_hover_links_bg":"","ocean_menu_social_links_color":"","ocean_menu_social_hover_links_color":"","ocean_disable_title":"on","ocean_disable_heading":"default","ocean_post_title":"","ocean_post_subheading":"","ocean_post_title_style":"","ocean_post_title_background_color":"","ocean_post_title_background":0,"ocean_post_title_bg_image_position":"","ocean_post_title_bg_image_attachment":"","ocean_post_title_bg_image_repeat":"","ocean_post_title_bg_image_size":"","ocean_post_title_height":0,"ocean_post_title_bg_overlay":0.5,"ocean_post_title_bg_overlay_color":"","ocean_disable_breadcrumbs":"off","ocean_breadcrumbs_color":"","ocean_breadcrumbs_separator_color":"","ocean_breadcrumbs_links_color":"","ocean_breadcrumbs_links_hover_color":"","ocean_display_footer_widgets":"default","ocean_display_footer_bottom":"default","ocean_custom_footer_template":"0","footnotes":""},"class_list":["post-3453","page","type-page","status-publish","hentry","entry"],"yoast_head":"<!-- This site is optimized with the Yoast SEO plugin v27.4 - https:\/\/yoast.com\/product\/yoast-seo-wordpress\/ -->\n<title>BINOMIAL. DIALOGUE BETWEEN SCIENCE AND ART. - EvaLootz<\/title>\n<meta name=\"robots\" content=\"index, follow, max-snippet:-1, max-image-preview:large, max-video-preview:-1\" \/>\n<link rel=\"canonical\" href=\"https:\/\/evalootz.net\/en\/binomial-dialogue-between-science-and-art\/\" \/>\n<meta property=\"og:locale\" content=\"en_US\" \/>\n<meta property=\"og:type\" content=\"article\" \/>\n<meta property=\"og:title\" content=\"BINOMIAL. DIALOGUE BETWEEN SCIENCE AND ART. - EvaLootz\" \/>\n<meta property=\"og:description\" content=\"Centro Nacional de Investigaciones Oncol\u00f3gicas, 2018\/7Esta exposici\u00f3n fue el fruto de una iniciativa del Centro Nacional de Investigaciones Oncol\u00f3gicas C.N.I.O. y de su directora, Mar\u00eda Blasco. Fue la primera vez que tuvo lugar una iniciativa de este estilo y la persona con la que se me propuso establecer un di\u00e1logo fue la pionera de la [&hellip;]\" \/>\n<meta property=\"og:url\" content=\"https:\/\/evalootz.net\/en\/binomial-dialogue-between-science-and-art\/\" \/>\n<meta property=\"og:site_name\" content=\"EvaLootz\" \/>\n<meta property=\"article:modified_time\" content=\"2021-05-24T09:23:15+00:00\" \/>\n<meta name=\"twitter:card\" content=\"summary_large_image\" \/>\n<script type=\"application\/ld+json\" class=\"yoast-schema-graph\">{\"@context\":\"https:\\\/\\\/schema.org\",\"@graph\":[{\"@type\":\"WebPage\",\"@id\":\"https:\\\/\\\/evalootz.net\\\/en\\\/binomial-dialogue-between-science-and-art\\\/\",\"url\":\"https:\\\/\\\/evalootz.net\\\/en\\\/binomial-dialogue-between-science-and-art\\\/\",\"name\":\"BINOMIAL. DIALOGUE BETWEEN SCIENCE AND ART. - EvaLootz\",\"isPartOf\":{\"@id\":\"https:\\\/\\\/evalootz.net\\\/#website\"},\"datePublished\":\"2021-02-25T10:06:13+00:00\",\"dateModified\":\"2021-05-24T09:23:15+00:00\",\"breadcrumb\":{\"@id\":\"https:\\\/\\\/evalootz.net\\\/en\\\/binomial-dialogue-between-science-and-art\\\/#breadcrumb\"},\"inLanguage\":\"en-US\",\"potentialAction\":[{\"@type\":\"ReadAction\",\"target\":[\"https:\\\/\\\/evalootz.net\\\/en\\\/binomial-dialogue-between-science-and-art\\\/\"]}]},{\"@type\":\"BreadcrumbList\",\"@id\":\"https:\\\/\\\/evalootz.net\\\/en\\\/binomial-dialogue-between-science-and-art\\\/#breadcrumb\",\"itemListElement\":[{\"@type\":\"ListItem\",\"position\":1,\"name\":\"Portada\",\"item\":\"https:\\\/\\\/evalootz.net\\\/\"},{\"@type\":\"ListItem\",\"position\":2,\"name\":\"BINOMIAL. DIALOGUE BETWEEN SCIENCE AND ART.\"}]},{\"@type\":\"WebSite\",\"@id\":\"https:\\\/\\\/evalootz.net\\\/#website\",\"url\":\"https:\\\/\\\/evalootz.net\\\/\",\"name\":\"EvaLootz\",\"description\":\"Artista\",\"publisher\":{\"@id\":\"https:\\\/\\\/evalootz.net\\\/#\\\/schema\\\/person\\\/2f1c9b1e15789e72e0577400fba0dc94\"},\"potentialAction\":[{\"@type\":\"SearchAction\",\"target\":{\"@type\":\"EntryPoint\",\"urlTemplate\":\"https:\\\/\\\/evalootz.net\\\/?s={search_term_string}\"},\"query-input\":{\"@type\":\"PropertyValueSpecification\",\"valueRequired\":true,\"valueName\":\"search_term_string\"}}],\"inLanguage\":\"en-US\"},{\"@type\":[\"Person\",\"Organization\"],\"@id\":\"https:\\\/\\\/evalootz.net\\\/#\\\/schema\\\/person\\\/2f1c9b1e15789e72e0577400fba0dc94\",\"name\":\"elootz\",\"image\":{\"@type\":\"ImageObject\",\"inLanguage\":\"en-US\",\"@id\":\"https:\\\/\\\/evalootz.net\\\/wp-content\\\/litespeed\\\/avatar\\\/d3e8b582bc7efbec58762669f9110d13.jpg?ver=1776934747\",\"url\":\"https:\\\/\\\/evalootz.net\\\/wp-content\\\/litespeed\\\/avatar\\\/d3e8b582bc7efbec58762669f9110d13.jpg?ver=1776934747\",\"contentUrl\":\"https:\\\/\\\/evalootz.net\\\/wp-content\\\/litespeed\\\/avatar\\\/d3e8b582bc7efbec58762669f9110d13.jpg?ver=1776934747\",\"caption\":\"elootz\"},\"logo\":{\"@id\":\"https:\\\/\\\/evalootz.net\\\/wp-content\\\/litespeed\\\/avatar\\\/d3e8b582bc7efbec58762669f9110d13.jpg?ver=1776934747\"}}]}<\/script>\n<!-- \/ Yoast SEO plugin. -->","yoast_head_json":{"title":"BINOMIAL. DIALOGUE BETWEEN SCIENCE AND ART. - EvaLootz","robots":{"index":"index","follow":"follow","max-snippet":"max-snippet:-1","max-image-preview":"max-image-preview:large","max-video-preview":"max-video-preview:-1"},"canonical":"https:\/\/evalootz.net\/en\/binomial-dialogue-between-science-and-art\/","og_locale":"en_US","og_type":"article","og_title":"BINOMIAL. DIALOGUE BETWEEN SCIENCE AND ART. - EvaLootz","og_description":"Centro Nacional de Investigaciones Oncol\u00f3gicas, 2018\/7Esta exposici\u00f3n fue el fruto de una iniciativa del Centro Nacional de Investigaciones Oncol\u00f3gicas C.N.I.O. y de su directora, Mar\u00eda Blasco. Fue la primera vez que tuvo lugar una iniciativa de este estilo y la persona con la que se me propuso establecer un di\u00e1logo fue la pionera de la [&hellip;]","og_url":"https:\/\/evalootz.net\/en\/binomial-dialogue-between-science-and-art\/","og_site_name":"EvaLootz","article_modified_time":"2021-05-24T09:23:15+00:00","twitter_card":"summary_large_image","schema":{"@context":"https:\/\/schema.org","@graph":[{"@type":"WebPage","@id":"https:\/\/evalootz.net\/en\/binomial-dialogue-between-science-and-art\/","url":"https:\/\/evalootz.net\/en\/binomial-dialogue-between-science-and-art\/","name":"BINOMIAL. DIALOGUE BETWEEN SCIENCE AND ART. - EvaLootz","isPartOf":{"@id":"https:\/\/evalootz.net\/#website"},"datePublished":"2021-02-25T10:06:13+00:00","dateModified":"2021-05-24T09:23:15+00:00","breadcrumb":{"@id":"https:\/\/evalootz.net\/en\/binomial-dialogue-between-science-and-art\/#breadcrumb"},"inLanguage":"en-US","potentialAction":[{"@type":"ReadAction","target":["https:\/\/evalootz.net\/en\/binomial-dialogue-between-science-and-art\/"]}]},{"@type":"BreadcrumbList","@id":"https:\/\/evalootz.net\/en\/binomial-dialogue-between-science-and-art\/#breadcrumb","itemListElement":[{"@type":"ListItem","position":1,"name":"Portada","item":"https:\/\/evalootz.net\/"},{"@type":"ListItem","position":2,"name":"BINOMIAL. DIALOGUE BETWEEN SCIENCE AND ART."}]},{"@type":"WebSite","@id":"https:\/\/evalootz.net\/#website","url":"https:\/\/evalootz.net\/","name":"EvaLootz","description":"Artista","publisher":{"@id":"https:\/\/evalootz.net\/#\/schema\/person\/2f1c9b1e15789e72e0577400fba0dc94"},"potentialAction":[{"@type":"SearchAction","target":{"@type":"EntryPoint","urlTemplate":"https:\/\/evalootz.net\/?s={search_term_string}"},"query-input":{"@type":"PropertyValueSpecification","valueRequired":true,"valueName":"search_term_string"}}],"inLanguage":"en-US"},{"@type":["Person","Organization"],"@id":"https:\/\/evalootz.net\/#\/schema\/person\/2f1c9b1e15789e72e0577400fba0dc94","name":"elootz","image":{"@type":"ImageObject","inLanguage":"en-US","@id":"https:\/\/evalootz.net\/wp-content\/litespeed\/avatar\/d3e8b582bc7efbec58762669f9110d13.jpg?ver=1776934747","url":"https:\/\/evalootz.net\/wp-content\/litespeed\/avatar\/d3e8b582bc7efbec58762669f9110d13.jpg?ver=1776934747","contentUrl":"https:\/\/evalootz.net\/wp-content\/litespeed\/avatar\/d3e8b582bc7efbec58762669f9110d13.jpg?ver=1776934747","caption":"elootz"},"logo":{"@id":"https:\/\/evalootz.net\/wp-content\/litespeed\/avatar\/d3e8b582bc7efbec58762669f9110d13.jpg?ver=1776934747"}}]}},"_links":{"self":[{"href":"https:\/\/evalootz.net\/en\/wp-json\/wp\/v2\/pages\/3453","targetHints":{"allow":["GET"]}}],"collection":[{"href":"https:\/\/evalootz.net\/en\/wp-json\/wp\/v2\/pages"}],"about":[{"href":"https:\/\/evalootz.net\/en\/wp-json\/wp\/v2\/types\/page"}],"author":[{"embeddable":true,"href":"https:\/\/evalootz.net\/en\/wp-json\/wp\/v2\/users\/1"}],"replies":[{"embeddable":true,"href":"https:\/\/evalootz.net\/en\/wp-json\/wp\/v2\/comments?post=3453"}],"version-history":[{"count":3,"href":"https:\/\/evalootz.net\/en\/wp-json\/wp\/v2\/pages\/3453\/revisions"}],"predecessor-version":[{"id":3458,"href":"https:\/\/evalootz.net\/en\/wp-json\/wp\/v2\/pages\/3453\/revisions\/3458"}],"wp:attachment":[{"href":"https:\/\/evalootz.net\/en\/wp-json\/wp\/v2\/media?parent=3453"}],"curies":[{"name":"wp","href":"https:\/\/api.w.org\/{rel}","templated":true}]}}